{"id":11,"date":"2022-09-27T15:57:01","date_gmt":"2022-09-27T13:57:01","guid":{"rendered":"https:\/\/www.hanon.art\/?page_id=11"},"modified":"2022-10-02T17:44:38","modified_gmt":"2022-10-02T15:44:38","slug":"contact","status":"publish","type":"page","link":"https:\/\/www.hanon.art\/index.php\/contact\/","title":{"rendered":"Contact"},"content":{"rendered":"\n<p><em>\u00ab\u00a0Je suis artiste en Bretagne dans le nord Finist\u00e8re.<\/em><\/p>\n\n\n\n<p><em>Mes \u0153uvres sont en vente et vous pouvez recevoir les tarifs sur simple demande. L&rsquo;envoi est possible en Mondial Relay vers la France m\u00e9tropolitaine.<\/em><\/p>\n\n\n\n<p><em>N&rsquo;h\u00e9sitez pas \u00e0 me contacter pour parler de mon travail et pour tous projets d&rsquo;expositions ou d&rsquo;installations\u00a0\u00bb<\/em><\/p>\n\n\n\n<p>C.Hanon<\/p>\n\n\n\n<p><strong>mail<\/strong> c.hanon@yahoo.com<\/p>\n\n\n\n<p><strong>t\u00e9l\u00e9phone<\/strong> 06 31 08 98 31<\/p>\n\n\n<div class=\"wp-block-image\">\n<figure class=\"aligncenter size-large is-resized\"><img loading=\"lazy\" decoding=\"async\" src=\"https:\/\/www.hanon.art\/wp-content\/uploads\/2022\/10\/1664722660789-1024x766.jpg\" alt=\"\" class=\"wp-image-97\" width=\"441\" height=\"330\" srcset=\"https:\/\/www.hanon.art\/wp-content\/uploads\/2022\/10\/1664722660789-1024x766.jpg 1024w, https:\/\/www.hanon.art\/wp-content\/uploads\/2022\/10\/1664722660789-300x224.jpg 300w, https:\/\/www.hanon.art\/wp-content\/uploads\/2022\/10\/1664722660789-768x575.jpg 768w, https:\/\/www.hanon.art\/wp-content\/uploads\/2022\/10\/1664722660789-1536x1149.jpg 1536w, https:\/\/www.hanon.art\/wp-content\/uploads\/2022\/10\/1664722660789-2048x1532.jpg 2048w\" sizes=\"auto, (max-width: 441px) 100vw, 441px\" \/><figcaption>Finition<\/figcaption><\/figure>\n<\/div>","protected":false},"excerpt":{"rendered":"<p>\u00ab\u00a0Je suis artiste en Bretagne dans le nord Finist\u00e8re. Mes \u0153uvres sont en vente et vous pouvez recevoir les tarifs sur simple demande. L&rsquo;envoi est possible en Mondial Relay vers la France m\u00e9tropolitaine. N&rsquo;h\u00e9sitez pas \u00e0 me contacter pour parler de mon travail et pour tous projets d&rsquo;expositions ou d&rsquo;installations\u00a0\u00bb C.Hanon mail c.hanon@yahoo.com t\u00e9l\u00e9phone 06 &hellip; <\/p>\n<p class=\"link-more\"><a href=\"https:\/\/www.hanon.art\/index.php\/contact\/\" class=\"more-link\">Continuer la lecture<span class=\"screen-reader-text\"> de &laquo;&nbsp;Contact&nbsp;&raquo;<\/span><\/a><\/p>\n","protected":false},"author":1,"featured_media":0,"parent":0,"menu_order":0,"comment_status":"closed","ping_status":"closed","template":"","meta":{"footnotes":""},"class_list":["post-11","page","type-page","status-publish","hentry"],"_links":{"self":[{"href":"https:\/\/www.hanon.art\/index.php\/wp-json\/wp\/v2\/pages\/11","targetHints":{"allow":["GET"]}}],"collection":[{"href":"https:\/\/www.hanon.art\/index.php\/wp-json\/wp\/v2\/pages"}],"about":[{"href":"https:\/\/www.hanon.art\/index.php\/wp-json\/wp\/v2\/types\/page"}],"author":[{"embeddable":true,"href":"https:\/\/www.hanon.art\/index.php\/wp-json\/wp\/v2\/users\/1"}],"replies":[{"embeddable":true,"href":"https:\/\/www.hanon.art\/index.php\/wp-json\/wp\/v2\/comments?post=11"}],"version-history":[{"count":6,"href":"https:\/\/www.hanon.art\/index.php\/wp-json\/wp\/v2\/pages\/11\/revisions"}],"predecessor-version":[{"id":99,"href":"https:\/\/www.hanon.art\/index.php\/wp-json\/wp\/v2\/pages\/11\/revisions\/99"}],"wp:attachment":[{"href":"https:\/\/www.hanon.art\/index.php\/wp-json\/wp\/v2\/media?parent=11"}],"curies":[{"name":"wp","href":"https:\/\/api.w.org\/{rel}","templated":true}]}}